{"id":62,"date":"2025-09-08T11:23:01","date_gmt":"2025-09-08T09:23:01","guid":{"rendered":"https:\/\/effervesensoccitane.fr\/?page_id=62"},"modified":"2025-09-22T19:14:55","modified_gmt":"2025-09-22T17:14:55","slug":"test","status":"publish","type":"page","link":"https:\/\/effervesensoccitane.fr\/index.php\/test\/","title":{"rendered":"Qui sommes-nous ?"},"content":{"rendered":"\n<p>EfferveSens&nbsp;est port\u00e9e par&nbsp;Nathalie Rossignol, co-fondatrice de CDV \u00c9v\u00e9nements et experte reconnue de l\u2019\u00e9v\u00e9nementiel depuis plus de 30 ans. Concevant et produisant des \u00e9v\u00e9nements depuis plusieurs d\u00e9cennies, elle met aujourd\u2019hui son exp\u00e9rience au service de projets engag\u00e9s et porteurs de sens.<br>Autour d\u2019elle, une constellation de&nbsp;talents free-lances&nbsp;choisis pour leur cr\u00e9ativit\u00e9, leur exigence et leur savoir-faire :<\/p>\n\n\n\n<ul class=\"wp-block-list\">\n<li>Chefs de projet\u00a0: garants de la coordination et du suivi op\u00e9rationnel,<\/li>\n\n\n\n<li>Directeurs artistiques et graphistes\u00a0: pour des univers visuels singuliers et impactants,<\/li>\n\n\n\n<li>R\u00e9gisseurs techniques\u00a0: orchestrant les coulisses avec pr\u00e9cision et fiabilit\u00e9,<\/li>\n\n\n\n<li>Experts sp\u00e9cialis\u00e9s\u00a0: selon les th\u00e9matiques et les besoins sp\u00e9cifiques de chaque projet.<\/li>\n<\/ul>\n\n\n\n<p>Cette organisation souple et agile nous permet d\u2019assembler pour chaque \u00e9v\u00e9nement une&nbsp;\u00e9quipe sur-mesure, adapt\u00e9e \u00e0 vos enjeux et \u00e0 votre cause, avec le m\u00eame fil conducteur:&nbsp;donner vie \u00e0 des \u00e9v\u00e9nements cr\u00e9atifs, inspirants et engag\u00e9s.<\/p>\n\n\n\n<p><\/p>\n","protected":false},"excerpt":{"rendered":"<p>EfferveSens&nbsp;est port\u00e9e par&nbsp;Nathalie Rossignol, co-fondatrice de CDV \u00c9v\u00e9nements et experte reconnue de l\u2019\u00e9v\u00e9nementiel depuis plus de 30 ans. Concevant et produisant des \u00e9v\u00e9nements depuis plusieurs d\u00e9cennies, elle met aujourd\u2019hui son exp\u00e9rience au service de projets engag\u00e9s et porteurs de sens.Autour d\u2019elle, une constellation de&nbsp;talents free-lances&nbsp;choisis pour leur cr\u00e9ativit\u00e9, leur exigence et leur savoir-faire : Cette [&hellip;]<\/p>\n","protected":false},"author":1,"featured_media":0,"parent":0,"menu_order":0,"comment_status":"closed","ping_status":"closed","template":"","meta":{"footnotes":""},"class_list":["post-62","page","type-page","status-publish","hentry"],"_links":{"self":[{"href":"https:\/\/effervesensoccitane.fr\/index.php\/wp-json\/wp\/v2\/pages\/62","targetHints":{"allow":["GET"]}}],"collection":[{"href":"https:\/\/effervesensoccitane.fr\/index.php\/wp-json\/wp\/v2\/pages"}],"about":[{"href":"https:\/\/effervesensoccitane.fr\/index.php\/wp-json\/wp\/v2\/types\/page"}],"author":[{"embeddable":true,"href":"https:\/\/effervesensoccitane.fr\/index.php\/wp-json\/wp\/v2\/users\/1"}],"replies":[{"embeddable":true,"href":"https:\/\/effervesensoccitane.fr\/index.php\/wp-json\/wp\/v2\/comments?post=62"}],"version-history":[{"count":5,"href":"https:\/\/effervesensoccitane.fr\/index.php\/wp-json\/wp\/v2\/pages\/62\/revisions"}],"predecessor-version":[{"id":128,"href":"https:\/\/effervesensoccitane.fr\/index.php\/wp-json\/wp\/v2\/pages\/62\/revisions\/128"}],"wp:attachment":[{"href":"https:\/\/effervesensoccitane.fr\/index.php\/wp-json\/wp\/v2\/media?parent=62"}],"curies":[{"name":"wp","href":"https:\/\/api.w.org\/{rel}","templated":true}]}}