{"id":2,"date":"2025-08-25T14:35:05","date_gmt":"2025-08-25T12:35:05","guid":{"rendered":"https:\/\/effervesensoccitane.fr\/?page_id=2"},"modified":"2025-10-05T17:28:25","modified_gmt":"2025-10-05T15:28:25","slug":"apropos","status":"publish","type":"page","link":"https:\/\/effervesensoccitane.fr\/","title":{"rendered":"L&rsquo;\u00e9v\u00e8nementiel au service des grandes causes"},"content":{"rendered":"\n<p>Chez <strong>EfferveSens Occitane<\/strong>, nous concevons des \u00e9v\u00e9nements qui ont du sens.<br>Cr\u00e9atifs par nature, impliqu\u00e9s par conviction, nous croyons que chaque \u00e9v\u00e9nement peut \u00eatre bien plus qu\u2019un simple moment : un levier de transformation, un catalyseur d\u2019\u00e9motions, un acte engag\u00e9 au service de vos projets.<\/p>\n\n\n\n<p>Qu\u2019il s\u2019agisse de valoriser une d\u00e9marche durable, de f\u00e9d\u00e9rer autour d\u2019une vision ou de sensibiliser \u00e0 des enjeux de soci\u00e9t\u00e9, <strong>nous mettons en sc\u00e8ne vos id\u00e9es avec exigence, finesse et sensibilit\u00e9<\/strong>.<\/p>\n\n\n\n<p>Notre promesse : allier imagination et implication pour cr\u00e9er des exp\u00e9riences \u00e0 la fois m\u00e9morables\u2026 et responsables.<\/p>\n\n\n\n<h5 class=\"wp-block-heading\">Notre concept diff\u00e9renciant : placer l\u2019\u00e9v\u00e9nementiel au service des grandes causes. Nous pensons pour vous des \u00e9v\u00e9nements f\u00e9d\u00e9rateurs et inspirants.<\/h5>\n\n\n\n<h4 class=\"wp-block-heading\"><strong>Pourquoi choisir EfferveSens ?<\/strong><\/h4>\n\n\n\n<ul class=\"wp-block-list\">\n<li>Pour f\u00e9d\u00e9rer vos \u00e9quipes autour d\u2019un engagement r\u00e9el<\/li>\n\n\n\n<li>Pour renforcer votre impact RSE avec un projet mesurable<\/li>\n\n\n\n<li>Pour incarner vos valeurs avec cr\u00e9ativit\u00e9, exigence et sinc\u00e9rit\u00e9<\/li>\n\n\n\n<li>Pour tous types d&rsquo;\u00e9v\u00e9nements : conf\u00e9rence, salon, s\u00e9minaire, soir\u00e9e, team-building, d\u00e9bat public et concertation citoyenne<br><\/li>\n<\/ul>\n\n\n\n<figure class=\"wp-block-gallery has-nested-images columns-default is-cropped wp-block-gallery-1 is-layout-flex wp-block-gallery-is-layout-flex\">\n<figure class=\"wp-block-image size-large\"><img loading=\"lazy\" decoding=\"async\" width=\"1024\" height=\"443\" data-id=\"121\" src=\"https:\/\/effervesensoccitane.fr\/wp-content\/uploads\/2025\/09\/event-1024x443.jpg\" alt=\"\" class=\"wp-image-121\" srcset=\"https:\/\/effervesensoccitane.fr\/wp-content\/uploads\/2025\/09\/event-1024x443.jpg 1024w, https:\/\/effervesensoccitane.fr\/wp-content\/uploads\/2025\/09\/event-300x130.jpg 300w, https:\/\/effervesensoccitane.fr\/wp-content\/uploads\/2025\/09\/event-768x332.jpg 768w, https:\/\/effervesensoccitane.fr\/wp-content\/uploads\/2025\/09\/event.jpg 1282w\" sizes=\"auto, (max-width: 1024px) 100vw, 1024px\" \/><\/figure>\n<\/figure>\n\n\n\n<p><\/p>\n","protected":false},"excerpt":{"rendered":"<p>Chez EfferveSens Occitane, nous concevons des \u00e9v\u00e9nements qui ont du sens.Cr\u00e9atifs par nature, impliqu\u00e9s par conviction, nous croyons que chaque \u00e9v\u00e9nement peut \u00eatre bien plus qu\u2019un simple moment : un levier de transformation, un catalyseur d\u2019\u00e9motions, un acte engag\u00e9 au service de vos projets. Qu\u2019il s\u2019agisse de valoriser une d\u00e9marche durable, de f\u00e9d\u00e9rer autour d\u2019une [&hellip;]<\/p>\n","protected":false},"author":1,"featured_media":0,"parent":0,"menu_order":0,"comment_status":"closed","ping_status":"open","template":"","meta":{"footnotes":""},"class_list":["post-2","page","type-page","status-publish","hentry"],"_links":{"self":[{"href":"https:\/\/effervesensoccitane.fr\/index.php\/wp-json\/wp\/v2\/pages\/2","targetHints":{"allow":["GET"]}}],"collection":[{"href":"https:\/\/effervesensoccitane.fr\/index.php\/wp-json\/wp\/v2\/pages"}],"about":[{"href":"https:\/\/effervesensoccitane.fr\/index.php\/wp-json\/wp\/v2\/types\/page"}],"author":[{"embeddable":true,"href":"https:\/\/effervesensoccitane.fr\/index.php\/wp-json\/wp\/v2\/users\/1"}],"replies":[{"embeddable":true,"href":"https:\/\/effervesensoccitane.fr\/index.php\/wp-json\/wp\/v2\/comments?post=2"}],"version-history":[{"count":19,"href":"https:\/\/effervesensoccitane.fr\/index.php\/wp-json\/wp\/v2\/pages\/2\/revisions"}],"predecessor-version":[{"id":131,"href":"https:\/\/effervesensoccitane.fr\/index.php\/wp-json\/wp\/v2\/pages\/2\/revisions\/131"}],"wp:attachment":[{"href":"https:\/\/effervesensoccitane.fr\/index.php\/wp-json\/wp\/v2\/media?parent=2"}],"curies":[{"name":"wp","href":"https:\/\/api.w.org\/{rel}","templated":true}]}}